{"id":9679,"date":"2014-10-01T20:10:10","date_gmt":"2014-10-01T18:10:10","guid":{"rendered":"https:\/\/cimarelliporte.it\/2021\/cimarelli-porta-perfetta\/"},"modified":"2021-07-15T14:05:32","modified_gmt":"2021-07-15T12:05:32","slug":"the-perfect-door","status":"publish","type":"page","link":"https:\/\/cimarelliporte.it\/en\/the-perfect-door\/","title":{"rendered":"The Perfect Door"},"content":{"rendered":"<p>[et_pb_section fb_built=&#8221;1&#8243; fullwidth=&#8221;on&#8221; _builder_version=&#8221;3.22&#8243; background_color=&#8221;#ffffff&#8221; background_image=&#8221;https:\/\/cimarelliporte.it\/2021\/wp-content\/uploads\/cimarelli-porte-pannelli-alluminio-cimarelli-cover-6.jpg&#8221; transparent_background=&#8221;off&#8221;][et_pb_fullwidth_header title=&#8221;Why CIMARELLI is the perfect door&#8221; subhead=&#8221;and suitable for your requirements&#8221; admin_label=&#8221;Fullwidth Header&#8221; _builder_version=&#8221;4.9.7&#8243; background_color=&#8221;rgba(255, 255, 255, 0)&#8221; button_one_text_size__hover_enabled=&#8221;off&#8221; button_one_text_size__hover=&#8221;null&#8221; button_two_text_size__hover_enabled=&#8221;off&#8221; button_two_text_size__hover=&#8221;null&#8221; button_one_text_color__hover_enabled=&#8221;off&#8221; button_one_text_color__hover=&#8221;null&#8221; button_two_text_color__hover_enabled=&#8221;off&#8221; button_two_text_color__hover=&#8221;null&#8221; button_one_border_width__hover_enabled=&#8221;off&#8221; button_one_border_width__hover=&#8221;null&#8221; button_two_border_width__hover_enabled=&#8221;off&#8221; button_two_border_width__hover=&#8221;null&#8221; button_one_border_color__hover_enabled=&#8221;off&#8221; button_one_border_color__hover=&#8221;null&#8221; button_two_border_color__hover_enabled=&#8221;off&#8221; button_two_border_color__hover=&#8221;null&#8221; button_one_border_radius__hover_enabled=&#8221;off&#8221; button_one_border_radius__hover=&#8221;null&#8221; button_two_border_radius__hover_enabled=&#8221;off&#8221; button_two_border_radius__hover=&#8221;null&#8221; button_one_letter_spacing__hover_enabled=&#8221;off&#8221; button_one_letter_spacing__hover=&#8221;null&#8221; button_two_letter_spacing__hover_enabled=&#8221;off&#8221; button_two_letter_spacing__hover=&#8221;null&#8221; button_one_bg_color__hover_enabled=&#8221;off&#8221; button_one_bg_color__hover=&#8221;null&#8221; button_two_bg_color__hover_enabled=&#8221;off&#8221; button_two_bg_color__hover=&#8221;null&#8221;][\/et_pb_fullwidth_header][\/et_pb_section][et_pb_section fb_built=&#8221;1&#8243; _builder_version=&#8221;3.22&#8243;][et_pb_row _builder_version=&#8221;3.25&#8243; background_size=&#8221;initial&#8221; background_position=&#8221;top_left&#8221; background_repeat=&#8221;repeat&#8221;][et_pb_column type=&#8221;4_4&#8243; _builder_version=&#8221;3.25&#8243; custom_padding=&#8221;|||&#8221; custom_padding__hover=&#8221;|||&#8221;][et_pb_text admin_label=&#8221;Text&#8221; _builder_version=&#8221;4.9.7&#8243; background_size=&#8221;initial&#8221; background_position=&#8221;top_left&#8221; background_repeat=&#8221;repeat&#8221;]We have been manufacturing doors for over 40 years, committed to continuous improvement and a determination to provide customers with a product that is superior in terms of innovation, technology, performance and design.<\/p>\n<p>CIMARELLI\u00ae doors guarantee:<\/p>\n<p>&nbsp;<\/p>\n<ul>\n<li>\n<h3><strong>Safety:<\/strong><\/h3>\n<\/li>\n<\/ul>\n<p>Internal MDF panel for a solid door that protects against break-ins and burglaries. For your total safety, we also make security doors with an internal iron sheet, available in both MDF and POLD.<\/p>\n<ul>\n<li>\n<h3><strong>Insulation:<\/strong><\/h3>\n<\/li>\n<\/ul>\n<p>POLD doors ensure excellent thermal and acoustic insulation thanks to the polyurethane inner. The addition of two MDF sheets enhances solidity.<br \/>\nCOMPOSITE PAN doors made from MDF, POLD and a RUBBER inner ensure excellent thermal and acoustic insulation. The rubber inner ensures door elasticity and resistance to solar radiation.<\/p>\n<ul>\n<li>\n<h3><strong>Impermeability:<\/strong><\/h3>\n<\/li>\n<\/ul>\n<p>JUST doors, made exclusively from polyurethane, are fully waterproof and can even be installed in extremely damp locations.<\/p>\n<ul>\n<li>\n<h3><strong>Inalterability:<\/strong><\/h3>\n<\/li>\n<\/ul>\n<p>The aluminium cladding, processed with specific antioxidant treatments and powder coating, protects doors from atmospheric agents so no maintenance is required and doors remain unaltered over time.<\/p>\n<p>The quality and authenticity of each of our doors is certified by the BUGNALL \u2013 CIMARELLI\u00ae resinated logo sticker on the corner of the panel.[\/et_pb_text][\/et_pb_column][\/et_pb_row][et_pb_row _builder_version=&#8221;4.9.9&#8243; _module_preset=&#8221;default&#8221; custom_padding=&#8221;0px||0px||true|&#8221; locked=&#8221;off&#8221;][et_pb_column _builder_version=&#8221;4.9.9&#8243; _module_preset=&#8221;default&#8221; type=&#8221;4_4&#8243;][et_pb_divider _builder_version=&#8221;4.9.9&#8243; _module_preset=&#8221;default&#8221; hover_enabled=&#8221;0&#8243; sticky_enabled=&#8221;0&#8243;][\/et_pb_divider][\/et_pb_column][\/et_pb_row][\/et_pb_section]<\/p>\n","protected":false},"excerpt":{"rendered":"<p>We have been manufacturing doors for over 40 years, committed to continuous improvement and a determination to provide customers with a product that is superior in terms of innovation, technology, performance and design. CIMARELLI\u00ae doors guarantee: &nbsp; Safety: Internal MDF panel for a solid door that protects against break-ins and burglaries. For your total safety, [&hellip;]<\/p>\n","protected":false},"author":9,"featured_media":0,"parent":0,"menu_order":0,"comment_status":"closed","ping_status":"closed","template":"","meta":{"_et_pb_use_builder":"on","_et_pb_old_content":"<p>Produciamo porte da oltre 20 anni e da sempre siamo alla ricerca di un miglioramento continuo per fornire al cliente un prodotto all'avanguardia sotto tutti i punti di vista: innovazione, tecnologia, performance, design.<\/p><p>Le porte BUGNALL\u00ae infatti garantiscono:<\/p><p>\u00a0<\/p><ul><li>Sicurezza:<\/li><\/ul><p>Il pannello interno in MDF dona alla porta una solidit\u00e0, che protegge dai tentativi di intrusione e scasso. Per darvi una sicurezza totale, produciamo anche porte con blindatura aventi all'interno una lastra in ferro, disponibili sia in MDF che in POLD.<\/p><ul><li>Isolamento:<\/li><\/ul><p>La porta in POLD, assicura un ottimo isolamento termico e acustico grazie al poliuretano posto al suo interno. L'aggiunta di due lastre in MDF gli conferiscono solidit\u00e0.<\/p><p>La porta in COMPOSITE PAN, composta da dall'MDF, il POLD e il CUORE in GOMMA presenta eccellenti caratteristiche di isolamento termico e acustico. Grazie alla gomma posta al suo interno la porta diventa elastica e riesce ad abbattere gli effetti dovuti dall'irraggiamento solare.<\/p><ul><li>Impermeabilit\u00e0:<\/li><\/ul><p>La porta in JUST, composta da solo poliuretano, \u00e8 totalmente impermeabile e pu\u00f2 essere istallata anche negli ambienti pi\u00f9 soggetti all'umidit\u00e0.<\/p><ul><li>Inalterabilit\u00e0:<\/li><\/ul><p>Il rivestimento in alluminio, lavorato con specifici trattamenti antiossidanti e la verniciatura in polvere, proteggono la porta dagli agenti atmosferici, per cui non ha bisogno di nessuna manutenzione e rimane inalterata nel tempo.<\/p><p>\u00a0<\/p><p>\u00a0<\/p><p>La qualit\u00e0 e autenticit\u00e0 di ogni nostra porta \u00e8 attestata da questo marchio (foto BUGNALL\u00ae) stampato.<\/p>","_et_gb_content_width":"","footnotes":""},"class_list":["post-9679","page","type-page","status-publish","hentry"],"yoast_head":"<!-- This site is optimized with the Yoast SEO plugin v27.3 - https:\/\/yoast.com\/product\/yoast-seo-wordpress\/ -->\n<title>La porta perfetta - Ciamrelli Porte in Alluminio<\/title>\n<meta name=\"robots\" content=\"index, follow, max-snippet:-1, max-image-preview:large, max-video-preview:-1\" \/>\n<link rel=\"canonical\" href=\"https:\/\/cimarelliporte.it\/en\/the-perfect-door\/\" \/>\n<meta property=\"og:locale\" content=\"en_US\" \/>\n<meta property=\"og:type\" content=\"article\" \/>\n<meta property=\"og:title\" content=\"La porta perfetta - Ciamrelli Porte in Alluminio\" \/>\n<meta property=\"og:description\" content=\"We have been manufacturing doors for over 40 years, committed to continuous improvement and a determination to provide customers with a product that is superior in terms of innovation, technology, performance and design. CIMARELLI\u00ae doors guarantee: &nbsp; Safety: Internal MDF panel for a solid door that protects against break-ins and burglaries. For your total safety, [&hellip;]\" \/>\n<meta property=\"og:url\" content=\"https:\/\/cimarelliporte.it\/en\/the-perfect-door\/\" \/>\n<meta property=\"og:site_name\" content=\"Cimarelli Porte in Alluminio\" \/>\n<meta property=\"article:modified_time\" content=\"2021-07-15T12:05:32+00:00\" \/>\n<meta name=\"twitter:label1\" content=\"Est. reading time\" \/>\n\t<meta name=\"twitter:data1\" content=\"3 minutes\" \/>\n<script type=\"application\/ld+json\" class=\"yoast-schema-graph\">{\"@context\":\"https:\\\/\\\/schema.org\",\"@graph\":[{\"@type\":\"WebPage\",\"@id\":\"https:\\\/\\\/cimarelliporte.it\\\/en\\\/the-perfect-door\\\/\",\"url\":\"https:\\\/\\\/cimarelliporte.it\\\/en\\\/the-perfect-door\\\/\",\"name\":\"La porta perfetta - Ciamrelli Porte in Alluminio\",\"isPartOf\":{\"@id\":\"https:\\\/\\\/cimarelliporte.it\\\/#website\"},\"datePublished\":\"2014-10-01T18:10:10+00:00\",\"dateModified\":\"2021-07-15T12:05:32+00:00\",\"breadcrumb\":{\"@id\":\"https:\\\/\\\/cimarelliporte.it\\\/en\\\/the-perfect-door\\\/#breadcrumb\"},\"inLanguage\":\"en-US\",\"potentialAction\":[{\"@type\":\"ReadAction\",\"target\":[\"https:\\\/\\\/cimarelliporte.it\\\/en\\\/the-perfect-door\\\/\"]}]},{\"@type\":\"BreadcrumbList\",\"@id\":\"https:\\\/\\\/cimarelliporte.it\\\/en\\\/the-perfect-door\\\/#breadcrumb\",\"itemListElement\":[{\"@type\":\"ListItem\",\"position\":1,\"name\":\"Home\",\"item\":\"https:\\\/\\\/cimarelliporte.it\\\/en\\\/\"},{\"@type\":\"ListItem\",\"position\":2,\"name\":\"The Perfect Door\"}]},{\"@type\":\"WebSite\",\"@id\":\"https:\\\/\\\/cimarelliporte.it\\\/#website\",\"url\":\"https:\\\/\\\/cimarelliporte.it\\\/\",\"name\":\"Cimarelli Porte in Alluminio\",\"description\":\"dal 1970 porte e pannelli in alluminio, classiche, moderne e blindate\",\"potentialAction\":[{\"@type\":\"SearchAction\",\"target\":{\"@type\":\"EntryPoint\",\"urlTemplate\":\"https:\\\/\\\/cimarelliporte.it\\\/?s={search_term_string}\"},\"query-input\":{\"@type\":\"PropertyValueSpecification\",\"valueRequired\":true,\"valueName\":\"search_term_string\"}}],\"inLanguage\":\"en-US\"}]}<\/script>\n<!-- \/ Yoast SEO plugin. -->","yoast_head_json":{"title":"La porta perfetta - Ciamrelli Porte in Alluminio","robots":{"index":"index","follow":"follow","max-snippet":"max-snippet:-1","max-image-preview":"max-image-preview:large","max-video-preview":"max-video-preview:-1"},"canonical":"https:\/\/cimarelliporte.it\/en\/the-perfect-door\/","og_locale":"en_US","og_type":"article","og_title":"La porta perfetta - Ciamrelli Porte in Alluminio","og_description":"We have been manufacturing doors for over 40 years, committed to continuous improvement and a determination to provide customers with a product that is superior in terms of innovation, technology, performance and design. CIMARELLI\u00ae doors guarantee: &nbsp; Safety: Internal MDF panel for a solid door that protects against break-ins and burglaries. For your total safety, [&hellip;]","og_url":"https:\/\/cimarelliporte.it\/en\/the-perfect-door\/","og_site_name":"Cimarelli Porte in Alluminio","article_modified_time":"2021-07-15T12:05:32+00:00","twitter_misc":{"Est. reading time":"3 minutes"},"schema":{"@context":"https:\/\/schema.org","@graph":[{"@type":"WebPage","@id":"https:\/\/cimarelliporte.it\/en\/the-perfect-door\/","url":"https:\/\/cimarelliporte.it\/en\/the-perfect-door\/","name":"La porta perfetta - Ciamrelli Porte in Alluminio","isPartOf":{"@id":"https:\/\/cimarelliporte.it\/#website"},"datePublished":"2014-10-01T18:10:10+00:00","dateModified":"2021-07-15T12:05:32+00:00","breadcrumb":{"@id":"https:\/\/cimarelliporte.it\/en\/the-perfect-door\/#breadcrumb"},"inLanguage":"en-US","potentialAction":[{"@type":"ReadAction","target":["https:\/\/cimarelliporte.it\/en\/the-perfect-door\/"]}]},{"@type":"BreadcrumbList","@id":"https:\/\/cimarelliporte.it\/en\/the-perfect-door\/#breadcrumb","itemListElement":[{"@type":"ListItem","position":1,"name":"Home","item":"https:\/\/cimarelliporte.it\/en\/"},{"@type":"ListItem","position":2,"name":"The Perfect Door"}]},{"@type":"WebSite","@id":"https:\/\/cimarelliporte.it\/#website","url":"https:\/\/cimarelliporte.it\/","name":"Cimarelli Porte in Alluminio","description":"dal 1970 porte e pannelli in alluminio, classiche, moderne e blindate","potentialAction":[{"@type":"SearchAction","target":{"@type":"EntryPoint","urlTemplate":"https:\/\/cimarelliporte.it\/?s={search_term_string}"},"query-input":{"@type":"PropertyValueSpecification","valueRequired":true,"valueName":"search_term_string"}}],"inLanguage":"en-US"}]}},"_links":{"self":[{"href":"https:\/\/cimarelliporte.it\/en\/wp-json\/wp\/v2\/pages\/9679","targetHints":{"allow":["GET"]}}],"collection":[{"href":"https:\/\/cimarelliporte.it\/en\/wp-json\/wp\/v2\/pages"}],"about":[{"href":"https:\/\/cimarelliporte.it\/en\/wp-json\/wp\/v2\/types\/page"}],"author":[{"embeddable":true,"href":"https:\/\/cimarelliporte.it\/en\/wp-json\/wp\/v2\/users\/9"}],"replies":[{"embeddable":true,"href":"https:\/\/cimarelliporte.it\/en\/wp-json\/wp\/v2\/comments?post=9679"}],"version-history":[{"count":0,"href":"https:\/\/cimarelliporte.it\/en\/wp-json\/wp\/v2\/pages\/9679\/revisions"}],"wp:attachment":[{"href":"https:\/\/cimarelliporte.it\/en\/wp-json\/wp\/v2\/media?parent=9679"}],"curies":[{"name":"wp","href":"https:\/\/api.w.org\/{rel}","templated":true}]}}